{"id":1193,"date":"2023-03-13T17:10:17","date_gmt":"2023-03-13T17:10:17","guid":{"rendered":"https:\/\/ecobiosfera.site\/?page_id=1193"},"modified":"2025-05-28T12:39:27","modified_gmt":"2025-05-28T18:39:27","slug":"noticias","status":"publish","type":"page","link":"https:\/\/ecobiosfera.site\/?page_id=1193","title":{"rendered":"Noticias"},"content":{"rendered":"<style>.kb-row-layout-id1193_5cd28b-80 > .kt-row-column-wrap{align-content:start;}:where(.kb-row-layout-id1193_5cd28b-80 > .kt-row-column-wrap) > .wp-block-kadence-column{justify-content:start;}.kb-row-layout-id1193_5cd28b-80 > .kt-row-column-wrap{column-gap:var(--global-kb-gap-sm, 1rem);row-gap:var(--global-kb-gap-sm, 1rem);max-width:var( --global-content-width, 1290px );padding-left:var(--global-content-edge-padding);padding-right:var(--global-content-edge-padding);padding-top:var(--global-kb-spacing-3xl, 6.5rem);padding-bottom:var(--global-kb-spacing-xxl, 5rem);grid-template-columns:minmax(0, 1fr);}.kb-row-layout-id1193_5cd28b-80{background-color:#f9f7f1;}.kb-row-layout-id1193_5cd28b-80 > .kt-row-layout-overlay{opacity:0.30;}@media all and (max-width: 1024px){.kb-row-layout-id1193_5cd28b-80 > .kt-row-column-wrap{grid-template-columns:minmax(0, 1fr);}}@media all and (max-width: 767px){.kb-row-layout-id1193_5cd28b-80 > .kt-row-column-wrap{grid-template-columns:minmax(0, 1fr);}}<\/style><div class=\"kb-row-layout-wrap kb-row-layout-id1193_5cd28b-80 alignfull kt-row-has-bg wp-block-kadence-rowlayout\"><div class=\"kt-row-column-wrap kt-has-1-columns kt-row-layout-equal kt-tab-layout-inherit kt-mobile-layout-row kt-row-valign-top kt-inner-column-height-full kb-theme-content-width\">\n<style>.kadence-column1193_f2b761-f6 > .kt-inside-inner-col{padding-top:var(--global-kb-spacing-3xl, 6.5rem);}.kadence-column1193_f2b761-f6 > .kt-inside-inner-col,.kadence-column1193_f2b761-f6 > .kt-inside-inner-col:before{border-top-left-radius:0px;border-top-right-radius:0px;border-bottom-right-radius:0px;border-bottom-left-radius:0px;}.kadence-column1193_f2b761-f6 > .kt-inside-inner-col{column-gap:var(--global-kb-gap-sm, 1rem);}.kadence-column1193_f2b761-f6 > .kt-inside-inner-col{flex-direction:column;}.kadence-column1193_f2b761-f6 > .kt-inside-inner-col > .aligncenter{width:100%;}.kadence-column1193_f2b761-f6 > .kt-inside-inner-col:before{opacity:0.3;}.kadence-column1193_f2b761-f6{position:relative;}@media all and (max-width: 1024px){.kadence-column1193_f2b761-f6 > .kt-inside-inner-col{flex-direction:column;}}@media all and (max-width: 767px){.kadence-column1193_f2b761-f6 > .kt-inside-inner-col{flex-direction:column;}}<\/style>\n<div class=\"wp-block-kadence-column kadence-column1193_f2b761-f6\"><div class=\"kt-inside-inner-col\"><style>.wp-block-kadence-advancedheading.kt-adv-heading1193_6a544f-a9, .wp-block-kadence-advancedheading.kt-adv-heading1193_6a544f-a9[data-kb-block=\"kb-adv-heading1193_6a544f-a9\"]{font-style:normal;}.wp-block-kadence-advancedheading.kt-adv-heading1193_6a544f-a9 mark.kt-highlight, .wp-block-kadence-advancedheading.kt-adv-heading1193_6a544f-a9[data-kb-block=\"kb-adv-heading1193_6a544f-a9\"] mark.kt-highlight{font-style:normal;color:#f76a0c;-webkit-box-decoration-break:clone;box-decoration-break:clone;padding-top:0px;padding-right:0px;padding-bottom:0px;padding-left:0px;}<\/style>\n<h1 class=\"kt-adv-heading1193_6a544f-a9 wp-block-kadence-advancedheading\" data-kb-block=\"kb-adv-heading1193_6a544f-a9\"><strong>Ecobiosfera Expediciones participar\u00e1 en Adventure Elevate 2025 en Denver<\/strong><\/h1>\n\n\n\n<h6 class=\"wp-block-heading\" style=\"margin-top:var(--wp--preset--spacing--50);margin-bottom:var(--wp--preset--spacing--50)\">Nos enorgullece anunciar que <strong>Ecobiosfera Expediciones<\/strong> estar\u00e1 presente en <strong>Adventure Elevate 2025<\/strong>, un evento organizado por la <strong>Adventure Travel Trade Association (ATTA)<\/strong>, que se celebrar\u00e1 en Denver, Colorado, del 28 al 30 de mayo.<\/h6>\n\n\n\n<p><strong>Adventure Elevate<\/strong> es uno de los encuentros internacionales m\u00e1s importantes para profesionales del turismo de aventura y turismo sostenible. Este a\u00f1o, Ecobiosfera Expediciones participar\u00e1 junto a otros miembros de la <strong>Mesoamerican Ecotourism Alliance (MEA)<\/strong>, una red de operadores locales comprometidos con la conservaci\u00f3n, el trabajo con comunidades y la creaci\u00f3n de experiencias de viaje aut\u00e9nticas en toda Mesoam\u00e9rica.<\/p>\n\n\n\n<figure class=\"wp-block-image size-full is-resized\"><img data-recalc-dims=\"1\" loading=\"lazy\" decoding=\"async\" width=\"1024\" height=\"680\" src=\"https:\/\/i0.wp.com\/ecobiosfera.site\/wp-content\/uploads\/2025\/04\/triunfo_004.jpg?resize=1024%2C680&#038;ssl=1\" alt=\"\" class=\"wp-image-2892\" style=\"width:600px\" srcset=\"https:\/\/i0.wp.com\/ecobiosfera.site\/wp-content\/uploads\/2025\/04\/triunfo_004.jpg?w=1024&amp;ssl=1 1024w, https:\/\/i0.wp.com\/ecobiosfera.site\/wp-content\/uploads\/2025\/04\/triunfo_004.jpg?resize=300%2C199&amp;ssl=1 300w, https:\/\/i0.wp.com\/ecobiosfera.site\/wp-content\/uploads\/2025\/04\/triunfo_004.jpg?resize=768%2C510&amp;ssl=1 768w, https:\/\/i0.wp.com\/ecobiosfera.site\/wp-content\/uploads\/2025\/04\/triunfo_004.jpg?resize=940%2C624&amp;ssl=1 940w\" sizes=\"auto, (max-width: 1024px) 100vw, 1024px\" \/><\/figure>\n\n\n\n<p>Desde las selvas tropicales de Chiapas hasta las tierras altas del agave en Oaxaca, compartiremos nuestra historia con compradores internacionales, periodistas y colegas innovadores del sector. Nuestra participaci\u00f3n en este evento representa un paso clave para dar a conocer las expediciones naturales y culturales \u00fanicas que ofrecemos en el sur de M\u00e9xico \u2014 combinando la conservaci\u00f3n de la biodiversidad con experiencias profundas e inmersivas para los viajeros.<\/p>\n\n\n\n<figure class=\"wp-block-image size-large is-resized\"><img data-recalc-dims=\"1\" loading=\"lazy\" decoding=\"async\" width=\"1024\" height=\"685\" src=\"https:\/\/i0.wp.com\/ecobiosfera.site\/wp-content\/uploads\/2025\/04\/DSC_0093.jpg?resize=1024%2C685&#038;ssl=1\" alt=\"\" class=\"wp-image-2837\" style=\"width:600px\" srcset=\"https:\/\/i0.wp.com\/ecobiosfera.site\/wp-content\/uploads\/2025\/04\/DSC_0093-scaled.jpg?resize=1024%2C685&amp;ssl=1 1024w, https:\/\/i0.wp.com\/ecobiosfera.site\/wp-content\/uploads\/2025\/04\/DSC_0093-scaled.jpg?resize=300%2C201&amp;ssl=1 300w, https:\/\/i0.wp.com\/ecobiosfera.site\/wp-content\/uploads\/2025\/04\/DSC_0093-scaled.jpg?resize=768%2C514&amp;ssl=1 768w, https:\/\/i0.wp.com\/ecobiosfera.site\/wp-content\/uploads\/2025\/04\/DSC_0093-scaled.jpg?resize=1536%2C1028&amp;ssl=1 1536w, https:\/\/i0.wp.com\/ecobiosfera.site\/wp-content\/uploads\/2025\/04\/DSC_0093-scaled.jpg?resize=2048%2C1371&amp;ssl=1 2048w, https:\/\/i0.wp.com\/ecobiosfera.site\/wp-content\/uploads\/2025\/04\/DSC_0093-scaled.jpg?resize=940%2C629&amp;ssl=1 940w\" sizes=\"auto, (max-width: 1024px) 100vw, 1024px\" \/><\/figure>\n\n\n\n<p>Nos entusiasma especialmente la oportunidad de generar nuevas alianzas, colaborar con personas y organizaciones afines, y seguir fortaleciendo el turismo sostenible que beneficia a las comunidades locales y protege los ecosistemas excepcionales de nuestra regi\u00f3n.<\/p>\n\n\n\n<p>Si vas a asistir a Adventure Elevate y quieres reunirte con nosotros, escr\u00edbenos con anticipaci\u00f3n a <strong><a>mark@ecobiosfera.site<\/a><\/strong>.<\/p>\n\n\n\n<p>Nos encantar\u00eda presentarte el coraz\u00f3n de Ecobiosfera y la magia de Mesoam\u00e9rica.<\/p>\n\n\n\n<p><strong>\u00a1Hagamos que viajar tenga un verdadero impacto!<\/strong><\/p>\n\n\n\n<figure class=\"wp-block-image size-large is-resized\"><img data-recalc-dims=\"1\" loading=\"lazy\" decoding=\"async\" width=\"1024\" height=\"731\" src=\"https:\/\/i0.wp.com\/ecobiosfera.site\/wp-content\/uploads\/2025\/04\/Garganta-de-Vino-MGMM.jpg?resize=1024%2C731&#038;ssl=1\" alt=\"\" class=\"wp-image-2744\" style=\"width:600px\" srcset=\"https:\/\/i0.wp.com\/ecobiosfera.site\/wp-content\/uploads\/2025\/04\/Garganta-de-Vino-MGMM-scaled.jpg?resize=1024%2C731&amp;ssl=1 1024w, https:\/\/i0.wp.com\/ecobiosfera.site\/wp-content\/uploads\/2025\/04\/Garganta-de-Vino-MGMM-scaled.jpg?resize=300%2C214&amp;ssl=1 300w, https:\/\/i0.wp.com\/ecobiosfera.site\/wp-content\/uploads\/2025\/04\/Garganta-de-Vino-MGMM-scaled.jpg?resize=768%2C549&amp;ssl=1 768w, https:\/\/i0.wp.com\/ecobiosfera.site\/wp-content\/uploads\/2025\/04\/Garganta-de-Vino-MGMM-scaled.jpg?resize=1536%2C1097&amp;ssl=1 1536w, https:\/\/i0.wp.com\/ecobiosfera.site\/wp-content\/uploads\/2025\/04\/Garganta-de-Vino-MGMM-scaled.jpg?resize=2048%2C1463&amp;ssl=1 2048w, https:\/\/i0.wp.com\/ecobiosfera.site\/wp-content\/uploads\/2025\/04\/Garganta-de-Vino-MGMM-scaled.jpg?resize=940%2C671&amp;ssl=1 940w\" sizes=\"auto, (max-width: 1024px) 100vw, 1024px\" \/><\/figure>\n<\/div><\/div>\n\n<\/div><\/div>","protected":false},"excerpt":{"rendered":"<p>Ecobiosfera Expediciones participar\u00e1 en Adventure Elevate 2025 en Denver Nos enorgullece anunciar que Ecobiosfera Expediciones estar\u00e1 presente en Adventure Elevate 2025, un evento organizado por la Adventure Travel Trade Association (ATTA), que se celebrar\u00e1 en Denver, Colorado, del 28 al 30 de mayo. Adventure Elevate es uno de los encuentros internacionales m\u00e1s importantes para profesionales&#8230;<\/p>\n","protected":false},"author":1,"featured_media":0,"parent":0,"menu_order":0,"comment_status":"closed","ping_status":"closed","template":"","meta":{"_kad_post_transparent":"enable","_kad_post_title":"hide","_kad_post_layout":"fullwidth","_kad_post_sidebar_id":"","_kad_post_content_style":"unboxed","_kad_post_vertical_padding":"show","_kad_post_feature":"","_kad_post_feature_position":"","_kad_post_header":false,"_kad_post_footer":false,"footnotes":""},"class_list":["post-1193","page","type-page","status-publish","hentry"],"jetpack_sharing_enabled":true,"_links":{"self":[{"href":"https:\/\/ecobiosfera.site\/index.php?rest_route=\/wp\/v2\/pages\/1193","targetHints":{"allow":["GET"]}}],"collection":[{"href":"https:\/\/ecobiosfera.site\/index.php?rest_route=\/wp\/v2\/pages"}],"about":[{"href":"https:\/\/ecobiosfera.site\/index.php?rest_route=\/wp\/v2\/types\/page"}],"author":[{"embeddable":true,"href":"https:\/\/ecobiosfera.site\/index.php?rest_route=\/wp\/v2\/users\/1"}],"replies":[{"embeddable":true,"href":"https:\/\/ecobiosfera.site\/index.php?rest_route=%2Fwp%2Fv2%2Fcomments&post=1193"}],"version-history":[{"count":21,"href":"https:\/\/ecobiosfera.site\/index.php?rest_route=\/wp\/v2\/pages\/1193\/revisions"}],"predecessor-version":[{"id":4368,"href":"https:\/\/ecobiosfera.site\/index.php?rest_route=\/wp\/v2\/pages\/1193\/revisions\/4368"}],"wp:attachment":[{"href":"https:\/\/ecobiosfera.site\/index.php?rest_route=%2Fwp%2Fv2%2Fmedia&parent=1193"}],"curies":[{"name":"wp","href":"https:\/\/api.w.org\/{rel}","templated":true}]}}