{"id":2422,"date":"2025-01-10T15:09:03","date_gmt":"2025-01-10T15:09:03","guid":{"rendered":"https:\/\/ecobiosfera.site\/?page_id=2422"},"modified":"2025-05-13T13:30:37","modified_gmt":"2025-05-13T19:30:37","slug":"aviso-de-privacidad","status":"publish","type":"page","link":"https:\/\/ecobiosfera.site\/?page_id=2422","title":{"rendered":"Aviso de Privacidad"},"content":{"rendered":"<style>.kb-row-layout-id2422_fb6ee1-11 > .kt-row-column-wrap{align-content:start;}:where(.kb-row-layout-id2422_fb6ee1-11 > .kt-row-column-wrap) > .wp-block-kadence-column{justify-content:start;}.kb-row-layout-id2422_fb6ee1-11 > .kt-row-column-wrap{column-gap:var(--global-kb-gap-md, 2rem);row-gap:var(--global-kb-gap-md, 2rem);max-width:var( --global-content-width, 1290px );padding-left:var(--global-content-edge-padding);padding-right:var(--global-content-edge-padding);padding-top:var(--global-kb-spacing-5xl, 10rem);padding-bottom:var(--global-kb-spacing-5xl, 10rem);grid-template-columns:minmax(0, 1fr);}.kb-row-layout-id2422_fb6ee1-11{background-image:url('https:\/\/ecobiosfera.site\/wp-content\/uploads\/2025\/04\/IMG_2834-scaled.jpg');background-size:cover;background-position:center center;background-attachment:scroll;background-repeat:no-repeat;}.kb-row-layout-id2422_fb6ee1-11 > .kt-row-layout-overlay{opacity:0.10;background-color:var(--global-palette8, #F7FAFC);mix-blend-mode:normal;}@media all and (max-width: 1024px){.kb-row-layout-id2422_fb6ee1-11 > .kt-row-column-wrap{grid-template-columns:minmax(0, 1fr);}}@media all and (max-width: 767px){.kb-row-layout-id2422_fb6ee1-11 > .kt-row-column-wrap{grid-template-columns:minmax(0, 1fr);}}<\/style><div class=\"kb-row-layout-wrap kb-row-layout-id2422_fb6ee1-11 alignfull kt-row-has-bg wp-block-kadence-rowlayout\"><div class=\"kt-row-layout-overlay kt-row-overlay-normal\"><\/div><div class=\"kt-row-column-wrap kt-has-1-columns kt-row-layout-equal kt-tab-layout-inherit kt-mobile-layout-row kt-row-valign-top kb-theme-content-width\">\n<style>.kadence-column2422_5b6f51-d2 > .kt-inside-inner-col,.kadence-column2422_5b6f51-d2 > .kt-inside-inner-col:before{border-top-left-radius:0px;border-top-right-radius:0px;border-bottom-right-radius:0px;border-bottom-left-radius:0px;}.kadence-column2422_5b6f51-d2 > .kt-inside-inner-col{column-gap:var(--global-kb-gap-sm, 1rem);}.kadence-column2422_5b6f51-d2 > .kt-inside-inner-col{flex-direction:column;}.kadence-column2422_5b6f51-d2 > .kt-inside-inner-col > .aligncenter{width:100%;}.kadence-column2422_5b6f51-d2 > .kt-inside-inner-col:before{opacity:0.3;}.kadence-column2422_5b6f51-d2{position:relative;}@media all and (max-width: 1024px){.kadence-column2422_5b6f51-d2 > .kt-inside-inner-col{flex-direction:column;}}@media all and (max-width: 767px){.kadence-column2422_5b6f51-d2 > .kt-inside-inner-col{flex-direction:column;}}<\/style>\n<div class=\"wp-block-kadence-column kadence-column2422_5b6f51-d2\"><div class=\"kt-inside-inner-col\"><style>.wp-block-kadence-advancedheading.kt-adv-heading2422_4cb709-78, .wp-block-kadence-advancedheading.kt-adv-heading2422_4cb709-78[data-kb-block=\"kb-adv-heading2422_4cb709-78\"]{max-width:750px;text-align:left;font-size:var(--global-kb-font-size-xl, 3rem);line-height:1.2;font-style:normal;text-transform:uppercase;}.wp-block-kadence-advancedheading.kt-adv-heading2422_4cb709-78 mark.kt-highlight, .wp-block-kadence-advancedheading.kt-adv-heading2422_4cb709-78[data-kb-block=\"kb-adv-heading2422_4cb709-78\"] mark.kt-highlight{font-style:normal;color:#f76a0c;-webkit-box-decoration-break:clone;box-decoration-break:clone;padding-top:0px;padding-right:0px;padding-bottom:0px;padding-left:0px;}<\/style>\n<h2 class=\"kt-adv-heading2422_4cb709-78 wp-block-kadence-advancedheading has-theme-palette-7-color has-text-color\" data-kb-block=\"kb-adv-heading2422_4cb709-78\">\ud83c\udf10 Aviso de Privacidad<\/h2>\n\n\n\n<h2 class=\"wp-block-heading has-theme-palette-8-color has-text-color has-link-color wp-elements-8ea4db7ca2d86aac6acdb9b003b46727\"><br><strong>Ecobiosfera Expediciones S.C.<\/strong>, con domicilio en Calle San Crist\u00f3bal #8, Fraccionamiento Residencial La Hacienda, C.P. 29030, Tuxtla Guti\u00e9rrez, Chiapas, M\u00e9xico, es responsable del tratamiento de sus datos personales.<\/h2>\n\n\n\n<p><\/p>\n\n\n<style>.wp-block-kadence-advancedheading.kt-adv-heading2422_67c32e-9f, .wp-block-kadence-advancedheading.kt-adv-heading2422_67c32e-9f[data-kb-block=\"kb-adv-heading2422_67c32e-9f\"]{max-width:700px;text-align:left;font-style:normal;}.wp-block-kadence-advancedheading.kt-adv-heading2422_67c32e-9f mark.kt-highlight, .wp-block-kadence-advancedheading.kt-adv-heading2422_67c32e-9f[data-kb-block=\"kb-adv-heading2422_67c32e-9f\"] mark.kt-highlight{font-style:normal;color:#f76a0c;-webkit-box-decoration-break:clone;box-decoration-break:clone;padding-top:0px;padding-right:0px;padding-bottom:0px;padding-left:0px;}<\/style>\n<h5 class=\"kt-adv-heading2422_67c32e-9f wp-block-kadence-advancedheading has-theme-palette-8-color has-text-color\" data-kb-block=\"kb-adv-heading2422_67c32e-9f\">\u00bfQu\u00e9 datos recopilamos?<\/h5>\n\n\n\n<ul class=\"wp-block-list\">\n<li class=\"has-theme-palette-8-color has-text-color has-link-color wp-elements-b4ecc5378549abf162f926bed50258c0\">Nombre <\/li>\n\n\n\n<li class=\"has-theme-palette-8-color has-text-color has-link-color wp-elements-aa087ad319d1f4fa31fe370eab2bec3f\">Correo electr\u00f3nico <\/li>\n\n\n\n<li class=\"has-theme-palette-8-color has-text-color has-link-color wp-elements-206f77d4be3e41ace164ec93e6fa7281\">N\u00famero telef\u00f3nico. <\/li>\n\n\n\n<li class=\"has-theme-palette-8-color has-text-color has-link-color wp-elements-7bd68915f46525f7a029bac03126cc3e\">Informaci\u00f3n de ubicaci\u00f3n<\/li>\n\n\n\n<li class=\"has-theme-palette-8-color has-text-color has-link-color wp-elements-a350787b0aabb6c9047ec359882ce986\">Intereses tur\u00edsticos <\/li>\n\n\n\n<li class=\"has-theme-palette-8-color has-text-color has-link-color wp-elements-c3d7dbe4abc40a952e9986aa579adb82\">Informaci\u00f3n bancaria (en caso de pagos).<\/li>\n<\/ul>\n\n\n\n<h5 class=\"wp-block-heading has-theme-palette-8-color has-text-color has-link-color wp-elements-7b3c77641a45eaddf3912ab60b676bf8\"><br><br><br>Finalidad del tratamiento:<\/h5>\n\n\n\n<p class=\"has-theme-palette-8-color has-text-color has-link-color wp-elements-cad9f9e5db79ac1c7895552b3b6011d3\"><br>Gestionar reservas y expediciones. Enviar confirmaciones, boletines e informaci\u00f3n relevante. Dar seguimiento a solicitudes y mejorar nuestros servicios. Cumplir obligaciones legales y contractuales. Transferencias internacionales: Sus datos pueden ser transferidos a terceros proveedores de servicios (p. ej., procesadores de pago como PayPal o Stripe), siempre bajo est\u00e1ndares de seguridad conforme al GDPR y otras normativas aplicables.<\/p>\n<\/div><\/div>\n\n<\/div><\/div>\n\n<style>.kb-row-layout-id2422_63b800-e5 > .kt-row-column-wrap{align-content:center;}:where(.kb-row-layout-id2422_63b800-e5 > .kt-row-column-wrap) > .wp-block-kadence-column{justify-content:center;}.kb-row-layout-id2422_63b800-e5 > .kt-row-column-wrap{column-gap:var(--global-kb-gap-lg, 4rem);row-gap:var(--global-kb-gap-md, 2rem);max-width:var( --global-content-width, 1290px );padding-left:var(--global-content-edge-padding);padding-right:var(--global-content-edge-padding);padding-top:var(--global-kb-spacing-3xl, 6.5rem);padding-bottom:var(--global-kb-spacing-lg, 3rem);grid-template-columns:minmax(0, 1fr);}.kb-row-layout-id2422_63b800-e5 > .kt-row-layout-overlay{opacity:0.30;}@media all and (max-width: 1024px){.kb-row-layout-id2422_63b800-e5 > .kt-row-column-wrap{grid-template-columns:minmax(0, 1fr);}}@media all and (max-width: 767px){.kb-row-layout-id2422_63b800-e5 > .kt-row-column-wrap{padding-top:var(--global-kb-spacing-3xl, 6.5rem);grid-template-columns:minmax(0, 1fr);}}<\/style><div class=\"kb-row-layout-wrap kb-row-layout-id2422_63b800-e5 alignfull wp-block-kadence-rowlayout\"><div class=\"kt-row-column-wrap kt-has-1-columns kt-row-layout-equal kt-tab-layout-inherit kt-mobile-layout-row kt-row-valign-middle kb-theme-content-width\">\n<style>.kadence-column2422_b77f37-24 > .kt-inside-inner-col{display:flex;}.kadence-column2422_b77f37-24 > .kt-inside-inner-col,.kadence-column2422_b77f37-24 > .kt-inside-inner-col:before{border-top-left-radius:0px;border-top-right-radius:0px;border-bottom-right-radius:0px;border-bottom-left-radius:0px;}.kadence-column2422_b77f37-24 > .kt-inside-inner-col{column-gap:var(--global-kb-gap-sm, 1rem);}.kadence-column2422_b77f37-24 > .kt-inside-inner-col{flex-direction:column;align-items:flex-start;}.kadence-column2422_b77f37-24 > .kt-inside-inner-col > .kb-image-is-ratio-size{align-self:stretch;}.kadence-column2422_b77f37-24 > .kt-inside-inner-col > .wp-block-kadence-advancedgallery{align-self:stretch;}.kadence-column2422_b77f37-24 > .kt-inside-inner-col > .aligncenter{width:100%;}.kadence-column2422_b77f37-24 > .kt-inside-inner-col:before{opacity:0.3;}.kadence-column2422_b77f37-24{text-align:left;}.kadence-column2422_b77f37-24{position:relative;}@media all and (max-width: 1024px){.kadence-column2422_b77f37-24 > .kt-inside-inner-col{flex-direction:column;align-items:flex-start;}}@media all and (max-width: 767px){.kadence-column2422_b77f37-24 > .kt-inside-inner-col{flex-direction:column;align-items:flex-start;}}<\/style>\n<div class=\"wp-block-kadence-column kadence-column2422_b77f37-24 kb-section-dir-vertical\"><div class=\"kt-inside-inner-col\"><style>.wp-block-kadence-advancedheading.kt-adv-heading2422_8a1948-ec, .wp-block-kadence-advancedheading.kt-adv-heading2422_8a1948-ec[data-kb-block=\"kb-adv-heading2422_8a1948-ec\"]{text-align:left;font-size:var(--global-kb-font-size-xl, 3rem);line-height:1.2;font-style:normal;text-transform:uppercase;}.wp-block-kadence-advancedheading.kt-adv-heading2422_8a1948-ec mark.kt-highlight, .wp-block-kadence-advancedheading.kt-adv-heading2422_8a1948-ec[data-kb-block=\"kb-adv-heading2422_8a1948-ec\"] mark.kt-highlight{font-style:normal;color:#f76a0c;-webkit-box-decoration-break:clone;box-decoration-break:clone;padding-top:0px;padding-right:0px;padding-bottom:0px;padding-left:0px;}<\/style>\n<h2 class=\"kt-adv-heading2422_8a1948-ec wp-block-kadence-advancedheading\" data-kb-block=\"kb-adv-heading2422_8a1948-ec\">Sus derechos:<\/h2>\n\n\n<style>.wp-block-kadence-advancedheading.kt-adv-heading2422_890621-bd, .wp-block-kadence-advancedheading.kt-adv-heading2422_890621-bd[data-kb-block=\"kb-adv-heading2422_890621-bd\"]{max-width:700px;text-align:left;font-style:normal;}.wp-block-kadence-advancedheading.kt-adv-heading2422_890621-bd mark.kt-highlight, .wp-block-kadence-advancedheading.kt-adv-heading2422_890621-bd[data-kb-block=\"kb-adv-heading2422_890621-bd\"] mark.kt-highlight{font-style:normal;color:#f76a0c;-webkit-box-decoration-break:clone;box-decoration-break:clone;padding-top:0px;padding-right:0px;padding-bottom:0px;padding-left:0px;}<\/style>\n<p class=\"kt-adv-heading2422_890621-bd wp-block-kadence-advancedheading\" data-kb-block=\"kb-adv-heading2422_890621-bd\">Puede acceder, rectificar, cancelar u oponerse al tratamiento de sus datos (ARCO), mediante solicitud al correo:<a href=\"mailto:Ecobiosfera.e20@gmail.com\"> Ecobiosfera.e20@gmail.com<\/a> <\/p>\n\n\n\n<h4 class=\"wp-block-heading\">Conservaci\u00f3n de los datos:<\/h4>\n\n\n\n<p>Sus datos se conservar\u00e1n solo por el tiempo necesario para las finalidades descritas o conforme a la ley aplicable.<\/p>\n\n\n\n<h4 class=\"wp-block-heading\">Cookies:<\/h4>\n\n\n\n<p>Nuestro sitio utiliza cookies para mejorar la experiencia del usuario. Puede configurar o desactivar las cookies desde su navegador.<\/p>\n\n\n\n<h4 class=\"wp-block-heading\">Cambios en el aviso:<\/h4>\n\n\n\n<p>Este aviso puede ser modificado en cualquier momento y ser\u00e1 publicado en la pagina oficial de <a href=\"https:\/\/www.ecobiosfera.site\">Ecobiosfera Expediciones<\/a><\/p>\n\n\n\n<p>Fecha de \u00faltima actualizaci\u00f3n: Mayo de 2025.<\/p>\n<\/div><\/div>\n\n<\/div><\/div>\n\n\n<p><\/p>\n","protected":false},"excerpt":{"rendered":"<p>\ud83c\udf10 Aviso de Privacidad Ecobiosfera Expediciones S.C., con domicilio en Calle San Crist\u00f3bal #8, Fraccionamiento Residencial La Hacienda, C.P. 29030, Tuxtla Guti\u00e9rrez, Chiapas, M\u00e9xico, es responsable del tratamiento de sus datos personales. \u00bfQu\u00e9 datos recopilamos? Finalidad del tratamiento: Gestionar reservas y expediciones. Enviar confirmaciones, boletines e informaci\u00f3n relevante. Dar seguimiento a solicitudes y mejorar nuestros&#8230;<\/p>\n","protected":false},"author":6,"featured_media":0,"parent":0,"menu_order":0,"comment_status":"closed","ping_status":"closed","template":"","meta":{"_kad_post_transparent":"enable","_kad_post_title":"hide","_kad_post_layout":"fullwidth","_kad_post_sidebar_id":"","_kad_post_content_style":"unboxed","_kad_post_vertical_padding":"","_kad_post_feature":"","_kad_post_feature_position":"","_kad_post_header":false,"_kad_post_footer":false,"footnotes":""},"class_list":["post-2422","page","type-page","status-publish","hentry"],"jetpack_sharing_enabled":true,"_links":{"self":[{"href":"https:\/\/ecobiosfera.site\/index.php?rest_route=\/wp\/v2\/pages\/2422","targetHints":{"allow":["GET"]}}],"collection":[{"href":"https:\/\/ecobiosfera.site\/index.php?rest_route=\/wp\/v2\/pages"}],"about":[{"href":"https:\/\/ecobiosfera.site\/index.php?rest_route=\/wp\/v2\/types\/page"}],"author":[{"embeddable":true,"href":"https:\/\/ecobiosfera.site\/index.php?rest_route=\/wp\/v2\/users\/6"}],"replies":[{"embeddable":true,"href":"https:\/\/ecobiosfera.site\/index.php?rest_route=%2Fwp%2Fv2%2Fcomments&post=2422"}],"version-history":[{"count":27,"href":"https:\/\/ecobiosfera.site\/index.php?rest_route=\/wp\/v2\/pages\/2422\/revisions"}],"predecessor-version":[{"id":4338,"href":"https:\/\/ecobiosfera.site\/index.php?rest_route=\/wp\/v2\/pages\/2422\/revisions\/4338"}],"wp:attachment":[{"href":"https:\/\/ecobiosfera.site\/index.php?rest_route=%2Fwp%2Fv2%2Fmedia&parent=2422"}],"curies":[{"name":"wp","href":"https:\/\/api.w.org\/{rel}","templated":true}]}}